{"id":818,"date":"2023-10-02T08:00:47","date_gmt":"2023-10-02T06:00:47","guid":{"rendered":"https:\/\/www.mdefusta.com\/producto\/bigues-laminades\/"},"modified":"2026-03-24T15:46:23","modified_gmt":"2026-03-24T14:46:23","slug":"bigues-laminades","status":"publish","type":"product","link":"https:\/\/www.mdefusta.com\/ca\/producte\/bigues-laminades\/","title":{"rendered":"Bigues laminades"},"content":{"rendered":"<p>Busques una soluci\u00f3 resistent, vers\u00e0til i est\u00e8ticament atractiva per als teus projectes de construcci\u00f3?<\/p>\n<p>Les bigues laminades s\u00f3n la resposta!<\/p>\n<p>Fabricades amb capes de fusta d&#8217; alta qualitat, aquestes bigues laminades ofereixen una resist\u00e8ncia excepcional i una gran estabilitat. El seu disseny enginy\u00f3s proporciona una major resist\u00e8ncia estructural i una menor tend\u00e8ncia a deformar-se amb el temps. A m\u00e9s, el seu acabat suau i modern les converteix en una opci\u00f3 est\u00e8tica impressionant.<\/p>\n<p>Amb les bigues laminades, obtindr\u00e0s la combinaci\u00f3 perfecta de funcionalitat i estil per al teu projecte.<\/p>\n<p>Fes que les teves construccions destaquin amb les nostres bigues laminades de qualitat!<\/p>\n","protected":false},"excerpt":{"rendered":"<p>Venem bigues laminades de 13,5 metres per 16* 8cm, 20* 10cm, 20* 12cm, 20* 14cm, 24* 12cm, 24* 14cm, 28* 14cm.<\/p>\n","protected":false},"featured_media":720,"comment_status":"open","ping_status":"closed","template":"","meta":{"site-sidebar-layout":"default","site-content-layout":"","ast-site-content-layout":"default","site-content-style":"default","site-sidebar-style":"default","ast-global-header-display":"","ast-banner-title-visibility":"","ast-main-header-display":"","ast-hfb-above-header-display":"","ast-hfb-below-header-display":"","ast-hfb-mobile-header-display":"","site-post-title":"","ast-breadcrumbs-content":"","ast-featured-img":"","footer-sml-layout":"","theme-transparent-header-meta":"default","adv-header-id-meta":"","stick-header-meta":"","header-above-stick-meta":"","header-main-stick-meta":"","header-below-stick-meta":"","astra-migrate-meta-layouts":"default","ast-page-background-enabled":"default","ast-page-background-meta":{"desktop":{"background-color":"var(--ast-global-color-4)","background-image":"","background-repeat":"repeat","background-position":"center center","background-size":"auto","background-attachment":"scroll","background-type":"","background-media":"","overlay-type":"","overlay-color":"","overlay-opacity":"","overlay-gradient":""},"tablet":{"background-color":"","background-image":"","background-repeat":"repeat","background-position":"center center","background-size":"auto","background-attachment":"scroll","background-type":"","background-media":"","overlay-type":"","overlay-color":"","overlay-opacity":"","overlay-gradient":""},"mobile":{"background-color":"","background-image":"","background-repeat":"repeat","background-position":"center center","background-size":"auto","background-attachment":"scroll","background-type":"","background-media":"","overlay-type":"","overlay-color":"","overlay-opacity":"","overlay-gradient":""}},"ast-content-background-meta":{"desktop":{"background-color":"var(--ast-global-color-5)","background-image":"","background-repeat":"repeat","background-position":"center center","background-size":"auto","background-attachment":"scroll","background-type":"","background-media":"","overlay-type":"","overlay-color":"","overlay-opacity":"","overlay-gradient":""},"tablet":{"background-color":"var(--ast-global-color-5)","background-image":"","background-repeat":"repeat","background-position":"center center","background-size":"auto","background-attachment":"scroll","background-type":"","background-media":"","overlay-type":"","overlay-color":"","overlay-opacity":"","overlay-gradient":""},"mobile":{"background-color":"var(--ast-global-color-5)","background-image":"","background-repeat":"repeat","background-position":"center center","background-size":"auto","background-attachment":"scroll","background-type":"","background-media":"","overlay-type":"","overlay-color":"","overlay-opacity":"","overlay-gradient":""}}},"product_brand":[],"product_cat":[43],"product_tag":[],"class_list":{"0":"post-818","1":"product","2":"type-product","3":"status-publish","4":"has-post-thumbnail","6":"product_cat-bigues-fusta","7":"desktop-align-left","8":"tablet-align-left","9":"mobile-align-left","11":"first","12":"instock","13":"taxable","14":"shipping-taxable","15":"product-type-simple"},"_links":{"self":[{"href":"https:\/\/www.mdefusta.com\/ca\/wp-json\/wp\/v2\/product\/818","targetHints":{"allow":["GET"]}}],"collection":[{"href":"https:\/\/www.mdefusta.com\/ca\/wp-json\/wp\/v2\/product"}],"about":[{"href":"https:\/\/www.mdefusta.com\/ca\/wp-json\/wp\/v2\/types\/product"}],"replies":[{"embeddable":true,"href":"https:\/\/www.mdefusta.com\/ca\/wp-json\/wp\/v2\/comments?post=818"}],"wp:featuredmedia":[{"embeddable":true,"href":"https:\/\/www.mdefusta.com\/ca\/wp-json\/wp\/v2\/media\/720"}],"wp:attachment":[{"href":"https:\/\/www.mdefusta.com\/ca\/wp-json\/wp\/v2\/media?parent=818"}],"wp:term":[{"taxonomy":"product_brand","embeddable":true,"href":"https:\/\/www.mdefusta.com\/ca\/wp-json\/wp\/v2\/product_brand?post=818"},{"taxonomy":"product_cat","embeddable":true,"href":"https:\/\/www.mdefusta.com\/ca\/wp-json\/wp\/v2\/product_cat?post=818"},{"taxonomy":"product_tag","embeddable":true,"href":"https:\/\/www.mdefusta.com\/ca\/wp-json\/wp\/v2\/product_tag?post=818"}],"curies":[{"name":"wp","href":"https:\/\/api.w.org\/{rel}","templated":true}]}}