{"id":842,"date":"2023-10-02T15:57:57","date_gmt":"2023-10-02T13:57:57","guid":{"rendered":"https:\/\/www.mdefusta.com\/politica-cookies\/"},"modified":"2024-12-09T18:31:17","modified_gmt":"2024-12-09T17:31:17","slug":"politica-cookies","status":"publish","type":"page","link":"https:\/\/www.mdefusta.com\/ca\/politica-cookies\/","title":{"rendered":"Pol\u00edtica Cookies"},"content":{"rendered":"\t\t<div data-elementor-type=\"wp-page\" data-elementor-id=\"842\" class=\"elementor elementor-842 elementor-373\" data-elementor-post-type=\"page\">\n\t\t\t\t<div class=\"elementor-element elementor-element-f43522b e-flex e-con-boxed e-con e-parent\" data-id=\"f43522b\" data-element_type=\"container\">\n\t\t\t\t\t<div class=\"e-con-inner\">\n\t\t\t\t<div class=\"elementor-element elementor-element-91f11a9 elementor-widget elementor-widget-heading\" data-id=\"91f11a9\" data-element_type=\"widget\" data-widget_type=\"heading.default\">\n\t\t\t\t<div class=\"elementor-widget-container\">\n\t\t\t\t\t<h1 class=\"elementor-heading-title elementor-size-default\">Pol\u00edtica Cookies<\/h1>\t\t\t\t<\/div>\n\t\t\t\t<\/div>\n\t\t\t\t<div class=\"elementor-element elementor-element-c1309f4 elementor-widget-divider--view-line elementor-widget elementor-widget-divider\" data-id=\"c1309f4\" data-element_type=\"widget\" data-widget_type=\"divider.default\">\n\t\t\t\t<div class=\"elementor-widget-container\">\n\t\t\t\t\t\t\t<div class=\"elementor-divider\">\n\t\t\t<span class=\"elementor-divider-separator\">\n\t\t\t\t\t\t<\/span>\n\t\t<\/div>\n\t\t\t\t\t\t<\/div>\n\t\t\t\t<\/div>\n\t\t\t\t<div class=\"elementor-element elementor-element-3e7aeed elementor-widget elementor-widget-text-editor\" data-id=\"3e7aeed\" data-element_type=\"widget\" data-widget_type=\"text-editor.default\">\n\t\t\t\t<div class=\"elementor-widget-container\">\n\t\t\t\t\t\t\t\t\t<p><strong>Informaci\u00f3 general de les cookies<\/strong><\/p>\n<p>La confian\u00e7a de l&#8217;usuari \u00e9s important per a nosaltres, i per tant, en MANIPULACIONS DE FUSTA, S.L. ens preocupa protegir la seva privacitat. Un aspecte important d&#8217;aix\u00f2 \u00e9s proporcionar-vos tota la informaci\u00f3 possible sobre com utilitzem les vostres dades de car\u00e0cter personal, fins i tot com s&#8217;utilitza el local d&#8217;emmagatzematge de dades i tecnologia similar.<br \/> L&#8217;emmagatzematge local de dades implica l&#8217;emmagatzematge de diferents tipus de dades localment al dispositiu a trav\u00e9s del vostre navegador web. Les dades que es poden emmagatzemar localment poden, per exemple, contenir la configuraci\u00f3 de l&#8217;usuari, informaci\u00f3 sobre com navega per la nostra web, quin navegador web utilitza, quins anuncis s&#8217;han mostrat i la similitud en llocs web amb els quals treballem . Les dades emmagatzemades localment es poden utilitzar per personalitzar el contingut i les funcions als nostres serveis, de manera que les seves visites siguin m\u00e9s c\u00f2modes i tinguin m\u00e9s sentit.<br \/> Un m\u00e8tode demmagatzematge local de dades s\u00f3n les cookies. Les cookies s\u00f3n petits arxius de text que es troben en el seu dispositiu (PC, tel\u00e8fon m\u00f2bil o tauleta) que permeten recon\u00e8ixer la seva navegaci\u00f3 web. Les cookies contenen informaci\u00f3 principalment sobre la seva navegaci\u00f3 web i sobre qualsevol activitat que s&#8217;hi hagi produ\u00eft. Ens ajuden a garantir la seguretat i funcionament \u00f2ptim de la nostra web, quan surt de la nostra p\u00e0gina web aquestes s\u00f3n eliminades (cookies de seguretat i sessi\u00f3 de cookies) i recullen informaci\u00f3 sobre els productes que els interessen en les nostres visites d&#8217;Internet i sobre com naveguen a trav\u00e9s de la nostra web perqu\u00e8 les nostres ofertes siguin m\u00e9s atractives per als usuaris (seguiment de cookies).<\/p>\n<p><strong>Informaci\u00f3 complement\u00e0ria de les cookies<\/strong><\/p>\n<p>Utilitzem l&#8217;emmagatzematge local de dades per a una s\u00e8rie de finalitats, com ara: permetre&#8217;ns realitzar els nostres serveis; Aportar contingut pertinent, personalitzat quan visiti els nostres llocs web; mesurar i analitzar el tr\u00e0nsit a la nostra web; millorar els nostres serveis; i dirigir publicitat espec\u00edfica. A continuaci\u00f3, s&#8217;ofereixen m\u00e9s detalls sobre aquests temes:<br \/> \u2013 Per a la nostra publicitat:<br \/> Utilitzem lemmagatzematge local de dades en relaci\u00f3 a les activitats publicit\u00e0ries. Aix\u00f2 ens permet saber si i sovint l&#8217;usuari ha vist un anunci o determinat tipus d&#8217;anunci, i quant de temps fa que l&#8217;ha vist.<br \/> Tamb\u00e9 fem servir l&#8217;emmagatzematge local de dades per construir segments i grups objectius amb finalitats de m\u00e0rqueting i dirigir anuncis espec\u00edfics.<br \/> \u2013 Per analitzar i millorar els nostres serveis:<br \/> Utilitzem diverses eines de mesura que ens proporcionen estad\u00edstiques i an\u00e0lisis relatives als nostres serveis.  Aquestes eines permeten recon\u00e8ixer el navegador web al llarg del temps i saber si el visitant ha visitat el lloc web anteriorment i si \u00e9s aix\u00ed amb quina freq\u00fc\u00e8ncia. Aquestes eines ens ofereixen la possibilitat d&#8217;aconseguir una visi\u00f3 general de quants usuaris \u00fanics tenim i com utilitzen els nostres serveis.<br \/>Aix\u00ed mateix utilitzem la informaci\u00f3 que hem recollit i analitzat per desenvolupar i millorar els nostres serveis; per exemple, esbrinar quins serveis generen m\u00e9s tr\u00e0nsit o veure si un servei est\u00e0 funcionant de forma \u00f2ptima.<br \/>\u2013 Per lliurar i adaptar els serveis a la seva utilitzaci\u00f3:<br \/> Es requereix i necessita l&#8217;emmagatzematge local de dades amb l&#8217;objectiu de permetre&#8217;ns utilitzar els nostres serveis, com ara informaci\u00f3 sobre la seva configuraci\u00f3, que ens diu com s&#8217;han de presentar els serveis al vostre navegador web.<br \/>Tamb\u00e9 utilitzem l&#8217;emmagatzematge local de dades per adaptar els nostres serveis a la seva utilitzaci\u00f3 el millor possible.<\/p>\n<p><strong>Gesti\u00f3 de cookies<\/strong><\/p>\n<p>Podeu desactivar les galetes o configurar el vostre navegador perqu\u00e8 avisi quan envien una galeta.<br \/> La configuraci\u00f3 al vostre navegador web normalment mostra una llista de totes les galetes que s&#8217;han emmagatzemat per proporcionar-vos una visi\u00f3 general i, si ho desitgeu, per eliminar les galetes no desitjades. Normalment, es pot indicar que accepta l&#8217;emmagatzematge de cookies dels llocs web que visita o de tercers afiliats a aquests llocs web. Tamb\u00e9 pot triar ser notificat cada vegada que s&#8217;emmagatzema una nova cookie. Se li proporciona a continuaci\u00f3, orientaci\u00f3 sobre com fer-ho en diferents navegadors web. El vostre navegador web normalment emmagatzema galetes en una carpeta espec\u00edfica al vostre disc dur, de manera que pugueu examinar tamb\u00e9 el contingut amb m\u00e9s detall.<br \/> No obstant aix\u00f2, les galetes que s\u00f3n presents a la p\u00e0gina web canvien amb freq\u00fc\u00e8ncia, i no totes les galetes s\u00f3n igual d&#8217;importants. Per tant, si MANIPULACIONS DE FUSTA, SL canvia l&#8217;\u00fas de les cookies de seguiment, se us notificar\u00e0 amb un missatge.<br \/> Aix\u00ed mateix, hi ha disponibles serveis que han estat desenvolupats especialment per proporcionar als usuaris una llista actualitzada de cookies i altres mecanismes de seguiment.<br \/> Tingueu en compte que si els desactiva, \u00e9s possible que no puguem gaudir de totes les funcionalitats de la nostra web.<br \/> A continuaci\u00f3, se us presenta un resum de com les dades emmagatzemades localment es poden gestionar en diferents navegadors web.  Tingui en compte que aquest proc\u00e9s pot canviar i que les descripcions aqu\u00ed donades no poden estar actualitzades.<\/p>\n<p><strong>Gesti\u00f3 de cookies a Google Chrome<\/strong><\/p>\n<p>\u2022 Com eliminar les cookies:<br \/> \u2022 V\u00e9s a Configuraci\u00f3 al men\u00fa del teu navegador.<br \/> \u2022 Feu clic a Mostra configuraci\u00f3 avan\u00e7ada.<br \/> \u2022 Feu clic a Suprimeix les dades de navegaci\u00f3.<br \/> \u2022 Seleccioneu el per\u00edode de temps per al qual voleu eliminar la informaci\u00f3 del men\u00fa a la part superior. Si voleu suprimir totes les galetes al navegador, feu clic a Des de l&#8217;origen dels temps.<br \/> \u2022 Marca Cookies i altres dades de llocs i complements.<br \/> \u2022 Feu clic a Suprimeix les dades de navegaci\u00f3.<br \/> \u2022 Tanca la finestra.<br \/> \u2022 Com evitar que les cookies s&#8217;emmagatzemin al navegador web:<br \/> \u2022 Anar a prefer\u00e8ncies al men\u00fa del teu navegador.<br \/> \u2022 Feu clic a Mostra configuraci\u00f3 avan\u00e7ada i feu clic a Configuraci\u00f3 de contingut.<br \/> \u2022 A Cookies, selecciona la teva opci\u00f3 preferida.  Si desitja evitar que totes les cookies quedin emmagatzemades, faci clic a No permetre que es guardin dades dels llocs.<br \/>\u2022 Faci clic a Fet.<br \/>\u2022 Tanca la finestra.<\/p>\n<p><strong>Gesti\u00f3 de cookies a Safari<\/strong><\/p>\n<p>\u2022 Com eliminar les cookies:<br \/> \u2022 Anar a Prefer\u00e8ncies al men\u00fa del vostre navegador.<br \/> \u2022 Feu clic a la pestanya Privadesa.<br \/> \u2022 Feu clic a Elimineu totes les dades dels llocs web i feu clic a Suprimeix per eliminar totes les galetes.<br \/> \u2022 Tanca la finestra.<br \/> \u2022 Com evitar que les cookies s&#8217;emmagatzemin al vostre navegador web:<br \/> \u2022 Anar a Prefer\u00e8ncies al men\u00fa del navegador<br \/> \u2022 Feu clic a la pestanya Privadesa.<br \/> \u2022 A Cookies i dades de llocs web selecciona la teva opci\u00f3 preferida. Si desitja evitar que totes les cookies quedin emmagatzemades, faci clic a Bloqueig sempre.<br \/>\u2022 Tanca la finestra.<\/p>\n<p><strong>Gesti\u00f3 de cookies a Mozilla Firefox<\/strong><\/p>\n<p>\u2022 Com eliminar les cookies:<br \/> \u2022 Anar a Opcions al men\u00fa del vostre navegador.<br \/> \u2022 Feu clic a la pestanya Privadesa.<br \/> \u2022 Feu clic a Mostra galetes.<br \/> \u2022 Seleccioneu les galetes que voleu suprimir i feu clic a Suprimeix seleccionades. Faci clic a Eliminar totes si desitja eliminar totes les cookies a la seva web.<br \/>\u2022 Tanca la finestra. Qualsevol canvi que h\u00e0giu fet es desar\u00e0 autom\u00e0ticament.<br \/> \u2022 Com evitar que les cookies s&#8217;emmagatzemen al vostre navegador web:<br \/> \u2022 Anar a Configuraci\u00f3 al men\u00fa del vostre navegador.<br \/> \u2022 Seleccioneu la pestanya Privadesa.<br \/> \u2022 A Historial, feu clic a Utilitza una configuraci\u00f3 personalitzada per a l&#8217;historial.<br \/> \u2022 Selecciona les teves opcions preferides a Permet cookies de llocs web. Si desitja evitar que totes les cookies s&#8217;aturin, desactivi la casella Acceptar cookies de llocs web.<br \/>\u2022 Tanca la finestra. Qualsevol canvi que hagi realitzat es guardar\u00e0 autom\u00e0ticament.<\/p>\n<p><strong>Gesti\u00f3 de cookies a Internet Explorer<\/strong><\/p>\n<p>\u2022 Com eliminar les cookies:<br \/> \u2022 Anar a Eines (icona de roda dentada) al men\u00fa del teu navegador.<br \/>\u2022 Faci clic en Propietats d&#8217;Internet.<br \/>\u2022 A la pestanya General \u2013 Historial de navegaci\u00f3, faci clic a Eliminar.<br \/>\u2022 Asseguri&#8217;s de marcar l&#8217;opci\u00f3 Cookies i dades de llocs web.<br \/>\u2022 Faci clic a Eliminar.<br \/>\u2022 Faci clic a Acceptar.<br \/>\u2022 Com evitar que les galetes s&#8217;emmagatzemen en la vostra navegaci\u00f3 web:<br \/> \u2022 Anar a Eines (icona de roda dentada) al men\u00fa del teu navegador.<br \/>\u2022 Faci clic a Opcions d&#8217;Internet i, a continuaci\u00f3, faci clic a la pestanya Privacitat.<br \/>\u2022 Mou la barra lliscant al nivell desitjat. Si desitja evitar que totes les cookies quedin en llibertat, seleccioni el nivell Bloquejar totes les cookies.<br \/>\u2022 Faci clic a Acceptar.<\/p>\n<p><strong>Gesti\u00f3 de cookies en Opera<\/strong><\/p>\n<p>\u2022 Com eliminar les cookies:<br \/> \u2022 Anar a Configuraci\u00f3 al men\u00fa del vostre navegador.<br \/>\u2022 Selecciona la pestanya de Privacitat i Seguretat.<br \/>\u2022 Faci clic a Cookies i despr\u00e9s faci clic a Totes les cookies i dades de llocs web.<br \/>\u2022 Selecciona les cookies que desitges eliminar i faci clic a Eliminar.<br \/>\u2022 Faci clic a Eliminar totes si desitja eliminar totes les cookies al seu web del navegador.<br \/>\u2022 Faci clic a Fet.<br \/>\u2022 Tanca la finestra.<br \/>\u2022 Com evitar que les cookies s&#8217;emmagatzemin al vostre navegador web:<br \/> \u2022 aneu a Configuraci\u00f3 al men\u00fa del vostre navegador.<br \/>\u2022 Selecciona la pestanya de Privacitat i Seguretat. A Cookies, selecciona la teva opci\u00f3 favorita. Si voleu evitar que totes les galetes quedin emmagatzemades, feu clic a No permet que es guardin dades dels llocs.<br \/> \u2022 Tanqueu la finestra.<br \/> Informaci\u00f3 de contacte Per obtenir m\u00e9s transpar\u00e8ncia, si teniu alguna pregunta relacionada amb l&#8217;\u00fas del local de la nostra web, poseu-vos en contacte amb nosaltres a mdefusta@mdefusta.com, indicant a l&#8217;assumpte \u201cPol\u00edtica de cookies\u201d<\/p>\n\t\t\t\t\t\t\t\t<\/div>\n\t\t\t\t<\/div>\n\t\t\t\t\t<\/div>\n\t\t\t\t<\/div>\n\t\t\t\t<\/div>\n\t\t","protected":false},"excerpt":{"rendered":"<p>Informaci\u00f3 general de les cookies La confian\u00e7a de l&#8217;usuari \u00e9s important per a nosaltres, i per tant, en MANIPULACIONS DE FUSTA, S.L. ens preocupa protegir la seva privacitat. Un aspecte important d&#8217;aix\u00f2 \u00e9s proporcionar-vos tota la informaci\u00f3 possible sobre com utilitzem les vostres dades de car\u00e0cter personal, fins i tot com s&#8217;utilitza el local d&#8217;emmagatzematge [&hellip;]<\/p>\n","protected":false},"author":1,"featured_media":0,"parent":0,"menu_order":0,"comment_status":"closed","ping_status":"closed","template":"","meta":{"site-sidebar-layout":"no-sidebar","site-content-layout":"page-builder","ast-site-content-layout":"full-width-container","site-content-style":"default","site-sidebar-style":"default","ast-global-header-display":"","ast-banner-title-visibility":"","ast-main-header-display":"","ast-hfb-above-header-display":"","ast-hfb-below-header-display":"","ast-hfb-mobile-header-display":"","site-post-title":"disabled","ast-breadcrumbs-content":"","ast-featured-img":"disabled","footer-sml-layout":"","theme-transparent-header-meta":"","adv-header-id-meta":"","stick-header-meta":"","header-above-stick-meta":"","header-main-stick-meta":"","header-below-stick-meta":"","astra-migrate-meta-layouts":"default","ast-page-background-enabled":"default","ast-page-background-meta":{"desktop":{"background-color":"var(--ast-global-color-4)","background-image":"","background-repeat":"repeat","background-position":"center center","background-size":"auto","background-attachment":"scroll","background-type":"","background-media":"","overlay-type":"","overlay-color":"","overlay-opacity":"","overlay-gradient":""},"tablet":{"background-color":"","background-image":"","background-repeat":"repeat","background-position":"center center","background-size":"auto","background-attachment":"scroll","background-type":"","background-media":"","overlay-type":"","overlay-color":"","overlay-opacity":"","overlay-gradient":""},"mobile":{"background-color":"","background-image":"","background-repeat":"repeat","background-position":"center center","background-size":"auto","background-attachment":"scroll","background-type":"","background-media":"","overlay-type":"","overlay-color":"","overlay-opacity":"","overlay-gradient":""}},"ast-content-background-meta":{"desktop":{"background-color":"var(--ast-global-color-5)","background-image":"","background-repeat":"repeat","background-position":"center center","background-size":"auto","background-attachment":"scroll","background-type":"","background-media":"","overlay-type":"","overlay-color":"","overlay-opacity":"","overlay-gradient":""},"tablet":{"background-color":"var(--ast-global-color-5)","background-image":"","background-repeat":"repeat","background-position":"center center","background-size":"auto","background-attachment":"scroll","background-type":"","background-media":"","overlay-type":"","overlay-color":"","overlay-opacity":"","overlay-gradient":""},"mobile":{"background-color":"var(--ast-global-color-5)","background-image":"","background-repeat":"repeat","background-position":"center center","background-size":"auto","background-attachment":"scroll","background-type":"","background-media":"","overlay-type":"","overlay-color":"","overlay-opacity":"","overlay-gradient":""}},"footnotes":""},"class_list":["post-842","page","type-page","status-publish","hentry"],"_links":{"self":[{"href":"https:\/\/www.mdefusta.com\/ca\/wp-json\/wp\/v2\/pages\/842","targetHints":{"allow":["GET"]}}],"collection":[{"href":"https:\/\/www.mdefusta.com\/ca\/wp-json\/wp\/v2\/pages"}],"about":[{"href":"https:\/\/www.mdefusta.com\/ca\/wp-json\/wp\/v2\/types\/page"}],"author":[{"embeddable":true,"href":"https:\/\/www.mdefusta.com\/ca\/wp-json\/wp\/v2\/users\/1"}],"replies":[{"embeddable":true,"href":"https:\/\/www.mdefusta.com\/ca\/wp-json\/wp\/v2\/comments?post=842"}],"version-history":[{"count":2,"href":"https:\/\/www.mdefusta.com\/ca\/wp-json\/wp\/v2\/pages\/842\/revisions"}],"predecessor-version":[{"id":1210,"href":"https:\/\/www.mdefusta.com\/ca\/wp-json\/wp\/v2\/pages\/842\/revisions\/1210"}],"wp:attachment":[{"href":"https:\/\/www.mdefusta.com\/ca\/wp-json\/wp\/v2\/media?parent=842"}],"curies":[{"name":"wp","href":"https:\/\/api.w.org\/{rel}","templated":true}]}}