{"id":800,"date":"2023-10-02T15:31:46","date_gmt":"2023-10-02T13:31:46","guid":{"rendered":"https:\/\/www.mdefusta.com\/serveis\/"},"modified":"2024-12-09T18:31:04","modified_gmt":"2024-12-09T17:31:04","slug":"serveis","status":"publish","type":"page","link":"https:\/\/www.mdefusta.com\/ca\/serveis\/","title":{"rendered":"Serveis"},"content":{"rendered":"\t\t<div data-elementor-type=\"wp-page\" data-elementor-id=\"800\" class=\"elementor elementor-800 elementor-359\" data-elementor-post-type=\"page\">\n\t\t\t\t<div class=\"elementor-element elementor-element-37eff40 e-flex e-con-boxed e-con e-parent\" data-id=\"37eff40\" data-element_type=\"container\">\n\t\t\t\t\t<div class=\"e-con-inner\">\n\t\t\t\t<div class=\"elementor-element elementor-element-950cc6a elementor-widget elementor-widget-heading\" data-id=\"950cc6a\" data-element_type=\"widget\" data-widget_type=\"heading.default\">\n\t\t\t\t<div class=\"elementor-widget-container\">\n\t\t\t\t\t<h1 class=\"elementor-heading-title elementor-size-default\">Serveis<\/h1>\t\t\t\t<\/div>\n\t\t\t\t<\/div>\n\t\t\t\t<div class=\"elementor-element elementor-element-7d88c5f elementor-widget-divider--view-line elementor-widget elementor-widget-divider\" data-id=\"7d88c5f\" data-element_type=\"widget\" data-widget_type=\"divider.default\">\n\t\t\t\t<div class=\"elementor-widget-container\">\n\t\t\t\t\t\t\t<div class=\"elementor-divider\">\n\t\t\t<span class=\"elementor-divider-separator\">\n\t\t\t\t\t\t<\/span>\n\t\t<\/div>\n\t\t\t\t\t\t<\/div>\n\t\t\t\t<\/div>\n\t\t\t\t<div class=\"elementor-element elementor-element-2ae557a elementor-widget elementor-widget-text-editor\" data-id=\"2ae557a\" data-element_type=\"widget\" data-widget_type=\"text-editor.default\">\n\t\t\t\t<div class=\"elementor-widget-container\">\n\t\t\t\t\t\t\t\t\t<p>A Manipulacions de Fusta acumulem d\u00e8cades d&#8217;experi\u00e8ncia amb el treball de la fusta. Som especialistes en la creaci\u00f3 de tot tipus d&#8217;estructures de fusta, el seu muntatge i el tractament de fustes.<\/p>\n\t\t\t\t\t\t\t\t<\/div>\n\t\t\t\t<\/div>\n\t\t\t\t\t<\/div>\n\t\t\t\t<\/div>\n\t\t<div class=\"elementor-element elementor-element-16f46c3 e-flex e-con-boxed e-con e-child\" data-id=\"16f46c3\" data-element_type=\"container\">\n\t\t\t\t\t<div class=\"e-con-inner\">\n\t\t<div class=\"elementor-element elementor-element-ff75645 e-flex e-con-boxed e-con e-child\" data-id=\"ff75645\" data-element_type=\"container\">\n\t\t\t\t\t<div class=\"e-con-inner\">\n\t\t\t\t<div class=\"elementor-element elementor-element-dd461c6 elementor-widget elementor-widget-image\" data-id=\"dd461c6\" data-element_type=\"widget\" data-widget_type=\"image.default\">\n\t\t\t\t<div class=\"elementor-widget-container\">\n\t\t\t\t\t\t\t\t\t\t\t\t\t\t\t\t<a href=\"https:\/\/www.mdefusta.com\/ca\/serveis\/disseny-calcul-estructures-fusta\/\">\n\t\t\t\t\t\t\t<img fetchpriority=\"high\" decoding=\"async\" width=\"300\" height=\"300\" src=\"https:\/\/www.mdefusta.com\/wp-content\/uploads\/2023\/10\/diseno-y-calculo-estructuras.jpeg\" class=\"attachment-medium size-medium wp-image-749\" alt=\"\" srcset=\"https:\/\/www.mdefusta.com\/wp-content\/uploads\/2023\/10\/diseno-y-calculo-estructuras.jpeg 300w, https:\/\/www.mdefusta.com\/wp-content\/uploads\/2023\/10\/diseno-y-calculo-estructuras-150x150.jpeg 150w, https:\/\/www.mdefusta.com\/wp-content\/uploads\/2023\/10\/diseno-y-calculo-estructuras-100x100.jpeg 100w\" sizes=\"(max-width: 300px) 100vw, 300px\" \/>\t\t\t\t\t\t\t\t<\/a>\n\t\t\t\t\t\t\t\t\t\t\t\t\t\t\t<\/div>\n\t\t\t\t<\/div>\n\t\t\t\t<div class=\"elementor-element elementor-element-f3cc9da elementor-widget elementor-widget-heading\" data-id=\"f3cc9da\" data-element_type=\"widget\" data-widget_type=\"heading.default\">\n\t\t\t\t<div class=\"elementor-widget-container\">\n\t\t\t\t\t<h3 class=\"elementor-heading-title elementor-size-default\"><a href=\"https:\/\/www.mdefusta.com\/ca\/serveis\/disseny-calcul-estructures-fusta\/\">Disseny i c\u00e0lcul<\/a><\/h3>\t\t\t\t<\/div>\n\t\t\t\t<\/div>\n\t\t\t\t\t<\/div>\n\t\t\t\t<\/div>\n\t\t<div class=\"elementor-element elementor-element-71feba3 e-flex e-con-boxed e-con e-child\" data-id=\"71feba3\" data-element_type=\"container\">\n\t\t\t\t\t<div class=\"e-con-inner\">\n\t\t\t\t<div class=\"elementor-element elementor-element-ef77cb0 elementor-widget elementor-widget-image\" data-id=\"ef77cb0\" data-element_type=\"widget\" data-widget_type=\"image.default\">\n\t\t\t\t<div class=\"elementor-widget-container\">\n\t\t\t\t\t\t\t\t\t\t\t\t\t\t\t\t<a href=\"https:\/\/www.mdefusta.com\/ca\/serveis\/estructures-fusta\/\">\n\t\t\t\t\t\t\t<img decoding=\"async\" width=\"300\" height=\"300\" src=\"https:\/\/www.mdefusta.com\/wp-content\/uploads\/2023\/10\/foto-teulada-e1696866998461-300x300.jpg\" class=\"attachment-medium size-medium wp-image-775\" alt=\"\" srcset=\"https:\/\/www.mdefusta.com\/wp-content\/uploads\/2023\/10\/foto-teulada-e1696866998461-300x300.jpg 300w, https:\/\/www.mdefusta.com\/wp-content\/uploads\/2023\/10\/foto-teulada-e1696866998461-1024x1024.jpg 1024w, https:\/\/www.mdefusta.com\/wp-content\/uploads\/2023\/10\/foto-teulada-e1696866998461-150x150.jpg 150w, https:\/\/www.mdefusta.com\/wp-content\/uploads\/2023\/10\/foto-teulada-e1696866998461-768x768.jpg 768w, https:\/\/www.mdefusta.com\/wp-content\/uploads\/2023\/10\/foto-teulada-e1696866998461-600x600.jpg 600w, https:\/\/www.mdefusta.com\/wp-content\/uploads\/2023\/10\/foto-teulada-e1696866998461-100x100.jpg 100w, https:\/\/www.mdefusta.com\/wp-content\/uploads\/2023\/10\/foto-teulada-e1696866998461.jpg 1493w\" sizes=\"(max-width: 300px) 100vw, 300px\" \/>\t\t\t\t\t\t\t\t<\/a>\n\t\t\t\t\t\t\t\t\t\t\t\t\t\t\t<\/div>\n\t\t\t\t<\/div>\n\t\t\t\t<div class=\"elementor-element elementor-element-cfc09aa elementor-widget elementor-widget-heading\" data-id=\"cfc09aa\" data-element_type=\"widget\" data-widget_type=\"heading.default\">\n\t\t\t\t<div class=\"elementor-widget-container\">\n\t\t\t\t\t<h3 class=\"elementor-heading-title elementor-size-default\"><a href=\"https:\/\/www.mdefusta.com\/ca\/serveis\/estructures-fusta\/\">Estructures de fusta<\/a><\/h3>\t\t\t\t<\/div>\n\t\t\t\t<\/div>\n\t\t\t\t\t<\/div>\n\t\t\t\t<\/div>\n\t\t<div class=\"elementor-element elementor-element-40a5bba e-flex e-con-boxed e-con e-child\" data-id=\"40a5bba\" data-element_type=\"container\">\n\t\t\t\t\t<div class=\"e-con-inner\">\n\t\t\t\t<div class=\"elementor-element elementor-element-43e28da elementor-widget elementor-widget-image\" data-id=\"43e28da\" data-element_type=\"widget\" data-widget_type=\"image.default\">\n\t\t\t\t<div class=\"elementor-widget-container\">\n\t\t\t\t\t\t\t\t\t\t\t\t\t\t\t\t<a href=\"https:\/\/www.mdefusta.com\/ca\/serveis\/tractaments-fustes\/\">\n\t\t\t\t\t\t\t<img decoding=\"async\" width=\"300\" height=\"300\" src=\"https:\/\/www.mdefusta.com\/wp-content\/uploads\/2023\/10\/Tratamiento-de-la-madera.jpeg\" class=\"attachment-medium size-medium wp-image-747\" alt=\"\" srcset=\"https:\/\/www.mdefusta.com\/wp-content\/uploads\/2023\/10\/Tratamiento-de-la-madera.jpeg 300w, https:\/\/www.mdefusta.com\/wp-content\/uploads\/2023\/10\/Tratamiento-de-la-madera-150x150.jpeg 150w, https:\/\/www.mdefusta.com\/wp-content\/uploads\/2023\/10\/Tratamiento-de-la-madera-100x100.jpeg 100w\" sizes=\"(max-width: 300px) 100vw, 300px\" \/>\t\t\t\t\t\t\t\t<\/a>\n\t\t\t\t\t\t\t\t\t\t\t\t\t\t\t<\/div>\n\t\t\t\t<\/div>\n\t\t\t\t<div class=\"elementor-element elementor-element-2e60785 elementor-widget elementor-widget-heading\" data-id=\"2e60785\" data-element_type=\"widget\" data-widget_type=\"heading.default\">\n\t\t\t\t<div class=\"elementor-widget-container\">\n\t\t\t\t\t<h3 class=\"elementor-heading-title elementor-size-default\"><a href=\"https:\/\/www.mdefusta.com\/ca\/serveis\/tractaments-fustes\/\">Tractaments de fustes<\/a><\/h3>\t\t\t\t<\/div>\n\t\t\t\t<\/div>\n\t\t\t\t\t<\/div>\n\t\t\t\t<\/div>\n\t\t\t\t\t<\/div>\n\t\t\t\t<\/div>\n\t\t\t\t<\/div>\n\t\t","protected":false},"excerpt":{"rendered":"<p>A Manipulacions de Fusta acumulem d\u00e8cades d&#8217;experi\u00e8ncia amb el treball de la fusta. Som especialistes en la creaci\u00f3 de tot tipus d&#8217;estructures de fusta, el seu muntatge i el tractament de fustes. Disseny i c\u00e0lcul Estructures de fusta Tractaments de fustes<\/p>\n","protected":false},"author":1,"featured_media":0,"parent":0,"menu_order":0,"comment_status":"closed","ping_status":"closed","template":"","meta":{"site-sidebar-layout":"no-sidebar","site-content-layout":"page-builder","ast-site-content-layout":"full-width-container","site-content-style":"default","site-sidebar-style":"default","ast-global-header-display":"","ast-banner-title-visibility":"","ast-main-header-display":"","ast-hfb-above-header-display":"","ast-hfb-below-header-display":"","ast-hfb-mobile-header-display":"","site-post-title":"disabled","ast-breadcrumbs-content":"","ast-featured-img":"disabled","footer-sml-layout":"","theme-transparent-header-meta":"","adv-header-id-meta":"","stick-header-meta":"","header-above-stick-meta":"","header-main-stick-meta":"","header-below-stick-meta":"","astra-migrate-meta-layouts":"default","ast-page-background-enabled":"default","ast-page-background-meta":{"desktop":{"background-color":"var(--ast-global-color-4)","background-image":"","background-repeat":"repeat","background-position":"center center","background-size":"auto","background-attachment":"scroll","background-type":"","background-media":"","overlay-type":"","overlay-color":"","overlay-opacity":"","overlay-gradient":""},"tablet":{"background-color":"","background-image":"","background-repeat":"repeat","background-position":"center center","background-size":"auto","background-attachment":"scroll","background-type":"","background-media":"","overlay-type":"","overlay-color":"","overlay-opacity":"","overlay-gradient":""},"mobile":{"background-color":"","background-image":"","background-repeat":"repeat","background-position":"center center","background-size":"auto","background-attachment":"scroll","background-type":"","background-media":"","overlay-type":"","overlay-color":"","overlay-opacity":"","overlay-gradient":""}},"ast-content-background-meta":{"desktop":{"background-color":"var(--ast-global-color-5)","background-image":"","background-repeat":"repeat","background-position":"center center","background-size":"auto","background-attachment":"scroll","background-type":"","background-media":"","overlay-type":"","overlay-color":"","overlay-opacity":"","overlay-gradient":""},"tablet":{"background-color":"var(--ast-global-color-5)","background-image":"","background-repeat":"repeat","background-position":"center center","background-size":"auto","background-attachment":"scroll","background-type":"","background-media":"","overlay-type":"","overlay-color":"","overlay-opacity":"","overlay-gradient":""},"mobile":{"background-color":"var(--ast-global-color-5)","background-image":"","background-repeat":"repeat","background-position":"center center","background-size":"auto","background-attachment":"scroll","background-type":"","background-media":"","overlay-type":"","overlay-color":"","overlay-opacity":"","overlay-gradient":""}},"footnotes":""},"class_list":["post-800","page","type-page","status-publish","hentry"],"_links":{"self":[{"href":"https:\/\/www.mdefusta.com\/ca\/wp-json\/wp\/v2\/pages\/800","targetHints":{"allow":["GET"]}}],"collection":[{"href":"https:\/\/www.mdefusta.com\/ca\/wp-json\/wp\/v2\/pages"}],"about":[{"href":"https:\/\/www.mdefusta.com\/ca\/wp-json\/wp\/v2\/types\/page"}],"author":[{"embeddable":true,"href":"https:\/\/www.mdefusta.com\/ca\/wp-json\/wp\/v2\/users\/1"}],"replies":[{"embeddable":true,"href":"https:\/\/www.mdefusta.com\/ca\/wp-json\/wp\/v2\/comments?post=800"}],"version-history":[{"count":12,"href":"https:\/\/www.mdefusta.com\/ca\/wp-json\/wp\/v2\/pages\/800\/revisions"}],"predecessor-version":[{"id":1204,"href":"https:\/\/www.mdefusta.com\/ca\/wp-json\/wp\/v2\/pages\/800\/revisions\/1204"}],"wp:attachment":[{"href":"https:\/\/www.mdefusta.com\/ca\/wp-json\/wp\/v2\/media?parent=800"}],"curies":[{"name":"wp","href":"https:\/\/api.w.org\/{rel}","templated":true}]}}