{"id":786,"date":"2023-10-03T06:15:31","date_gmt":"2023-10-03T04:15:31","guid":{"rendered":"https:\/\/www.mdefusta.com\/tractaments-de-fustes\/"},"modified":"2023-10-23T09:34:51","modified_gmt":"2023-10-23T07:34:51","slug":"tractaments-fustes","status":"publish","type":"page","link":"https:\/\/www.mdefusta.com\/ca\/serveis\/tractaments-fustes\/","title":{"rendered":"Tractaments de fustes"},"content":{"rendered":"\t\t<div data-elementor-type=\"wp-page\" data-elementor-id=\"786\" class=\"elementor elementor-786 elementor-393\" data-elementor-post-type=\"page\">\n\t\t\t\t<div class=\"elementor-element elementor-element-172ec10 e-flex e-con-boxed e-con e-parent\" data-id=\"172ec10\" data-element_type=\"container\">\n\t\t\t\t\t<div class=\"e-con-inner\">\n\t\t\t\t<div class=\"elementor-element elementor-element-f7664b4 elementor-widget elementor-widget-heading\" data-id=\"f7664b4\" data-element_type=\"widget\" data-widget_type=\"heading.default\">\n\t\t\t\t<div class=\"elementor-widget-container\">\n\t\t\t\t\t<h1 class=\"elementor-heading-title elementor-size-default\">Tractaments de fustes<\/h1>\t\t\t\t<\/div>\n\t\t\t\t<\/div>\n\t\t\t\t<div class=\"elementor-element elementor-element-7007072 elementor-widget-divider--view-line elementor-widget elementor-widget-divider\" data-id=\"7007072\" data-element_type=\"widget\" data-widget_type=\"divider.default\">\n\t\t\t\t<div class=\"elementor-widget-container\">\n\t\t\t\t\t\t\t<div class=\"elementor-divider\">\n\t\t\t<span class=\"elementor-divider-separator\">\n\t\t\t\t\t\t<\/span>\n\t\t<\/div>\n\t\t\t\t\t\t<\/div>\n\t\t\t\t<\/div>\n\t\t<div class=\"elementor-element elementor-element-980ebc3 e-flex e-con-boxed e-con e-child\" data-id=\"980ebc3\" data-element_type=\"container\">\n\t\t\t\t\t<div class=\"e-con-inner\">\n\t\t<div class=\"elementor-element elementor-element-632a991 e-flex e-con-boxed e-con e-child\" data-id=\"632a991\" data-element_type=\"container\">\n\t\t\t\t\t<div class=\"e-con-inner\">\n\t\t\t\t<div class=\"elementor-element elementor-element-9e1c46c elementor-widget elementor-widget-text-editor\" data-id=\"9e1c46c\" data-element_type=\"widget\" data-widget_type=\"text-editor.default\">\n\t\t\t\t<div class=\"elementor-widget-container\">\n\t\t\t\t\t\t\t\t\t<p>Tenim la possibilitat d&#8217;oferir als nostres clients diferents tipus de tractaments:<\/p>\n<ul>\n<li><strong>Tractament autoclau:<\/strong> consisteix a introduir en la fusta en un lloc hermeticament, on primer es fa el buit per eliminar l&#8217; aire, l&#8217; aigua i les resines de les c\u00e8l\u00b7lules. La fusta ha d&#8217; estar seca, a una humitat inferior al 25%. Seguidament s&#8217; introdueix en el por obert els vapors a alta pressi\u00f3 dels diferents productes qu\u00edmics que protegeixen la fusta.<\/li>\n<li><strong>Tractament fungicides i insecticides:<\/strong> per evitar insectes i fongs a la fusta, s&#8217; aplica a la fusta amb el sistema de polvoritzaci\u00f3.<\/li>\n<li><strong>Tractaments per a interior i exterior:<\/strong> tints i varnisos amb fitxa t\u00e8cnica corresponent per a la protecci\u00f3 de la fusta.<\/li>\n<li><strong>Tractament t\u00e8rmic NIMF 15:<\/strong> la norma internacional sobre &#8220;Mesures Fitosanit\u00e0ries, NIMF N\u00ba 15, creada per la FAO reglamenta els embalatges de fusta utilitzats en el comer\u00e7 exterior, i descriu les mesures fitosanit\u00e0ries per reduir el risc d&#8217;introducci\u00f3 i disseminaci\u00f3 de plagues i malalties forestals en altres pa\u00efsos.<\/li>\n<\/ul>\n\t\t\t\t\t\t\t\t<\/div>\n\t\t\t\t<\/div>\n\t\t\t\t<div class=\"elementor-element elementor-element-1cb1b9c elementor-widget elementor-widget-button\" data-id=\"1cb1b9c\" data-element_type=\"widget\" data-widget_type=\"button.default\">\n\t\t\t\t<div class=\"elementor-widget-container\">\n\t\t\t\t\t\t\t\t\t<div class=\"elementor-button-wrapper\">\n\t\t\t\t\t<a class=\"elementor-button elementor-button-link elementor-size-sm\" href=\"https:\/\/www.mdefusta.com\/ca\/contacte\/\">\n\t\t\t\t\t\t<span class=\"elementor-button-content-wrapper\">\n\t\t\t\t\t\t\t\t\t<span class=\"elementor-button-text\">Demana pressupost<\/span>\n\t\t\t\t\t<\/span>\n\t\t\t\t\t<\/a>\n\t\t\t\t<\/div>\n\t\t\t\t\t\t\t\t<\/div>\n\t\t\t\t<\/div>\n\t\t\t\t\t<\/div>\n\t\t\t\t<\/div>\n\t\t<div class=\"elementor-element elementor-element-4682198 e-flex e-con-boxed e-con e-child\" data-id=\"4682198\" data-element_type=\"container\">\n\t\t\t\t\t<div class=\"e-con-inner\">\n\t\t\t\t<div class=\"elementor-element elementor-element-bc5861c elementor-widget elementor-widget-image\" data-id=\"bc5861c\" data-element_type=\"widget\" data-widget_type=\"image.default\">\n\t\t\t\t<div class=\"elementor-widget-container\">\n\t\t\t\t\t\t\t\t\t\t\t\t\t\t\t<img fetchpriority=\"high\" decoding=\"async\" width=\"300\" height=\"300\" src=\"https:\/\/www.mdefusta.com\/wp-content\/uploads\/2023\/10\/Tratamiento-de-la-madera.jpeg\" class=\"attachment-large size-large wp-image-747\" alt=\"\" srcset=\"https:\/\/www.mdefusta.com\/wp-content\/uploads\/2023\/10\/Tratamiento-de-la-madera.jpeg 300w, https:\/\/www.mdefusta.com\/wp-content\/uploads\/2023\/10\/Tratamiento-de-la-madera-150x150.jpeg 150w, https:\/\/www.mdefusta.com\/wp-content\/uploads\/2023\/10\/Tratamiento-de-la-madera-100x100.jpeg 100w\" sizes=\"(max-width: 300px) 100vw, 300px\" \/>\t\t\t\t\t\t\t\t\t\t\t\t\t\t\t<\/div>\n\t\t\t\t<\/div>\n\t\t\t\t\t<\/div>\n\t\t\t\t<\/div>\n\t\t\t\t\t<\/div>\n\t\t\t\t<\/div>\n\t\t\t\t\t<\/div>\n\t\t\t\t<\/div>\n\t\t\t\t<\/div>\n\t\t","protected":false},"excerpt":{"rendered":"<p>Tenim la possibilitat d&#8217;oferir als nostres clients diferents tipus de tractaments: Tractament autoclau: consisteix a introduir en la fusta en un lloc hermeticament, on primer es fa el buit per eliminar l&#8217; aire, l&#8217; aigua i les resines de les c\u00e8l\u00b7lules. La fusta ha d&#8217; estar seca, a una humitat inferior al 25%. Seguidament s&#8217; [&hellip;]<\/p>\n","protected":false},"author":1,"featured_media":0,"parent":800,"menu_order":0,"comment_status":"closed","ping_status":"closed","template":"","meta":{"site-sidebar-layout":"no-sidebar","site-content-layout":"page-builder","ast-site-content-layout":"default","site-content-style":"default","site-sidebar-style":"default","ast-global-header-display":"","ast-banner-title-visibility":"","ast-main-header-display":"","ast-hfb-above-header-display":"","ast-hfb-below-header-display":"","ast-hfb-mobile-header-display":"","site-post-title":"disabled","ast-breadcrumbs-content":"","ast-featured-img":"disabled","footer-sml-layout":"","theme-transparent-header-meta":"","adv-header-id-meta":"","stick-header-meta":"","header-above-stick-meta":"","header-main-stick-meta":"","header-below-stick-meta":"","astra-migrate-meta-layouts":"default","ast-page-background-enabled":"default","ast-page-background-meta":{"desktop":{"background-color":"var(--ast-global-color-4)","background-image":"","background-repeat":"repeat","background-position":"center center","background-size":"auto","background-attachment":"scroll","background-type":"","background-media":"","overlay-type":"","overlay-color":"","overlay-opacity":"","overlay-gradient":""},"tablet":{"background-color":"","background-image":"","background-repeat":"repeat","background-position":"center center","background-size":"auto","background-attachment":"scroll","background-type":"","background-media":"","overlay-type":"","overlay-color":"","overlay-opacity":"","overlay-gradient":""},"mobile":{"background-color":"","background-image":"","background-repeat":"repeat","background-position":"center center","background-size":"auto","background-attachment":"scroll","background-type":"","background-media":"","overlay-type":"","overlay-color":"","overlay-opacity":"","overlay-gradient":""}},"ast-content-background-meta":{"desktop":{"background-color":"var(--ast-global-color-5)","background-image":"","background-repeat":"repeat","background-position":"center center","background-size":"auto","background-attachment":"scroll","background-type":"","background-media":"","overlay-type":"","overlay-color":"","overlay-opacity":"","overlay-gradient":""},"tablet":{"background-color":"var(--ast-global-color-5)","background-image":"","background-repeat":"repeat","background-position":"center center","background-size":"auto","background-attachment":"scroll","background-type":"","background-media":"","overlay-type":"","overlay-color":"","overlay-opacity":"","overlay-gradient":""},"mobile":{"background-color":"var(--ast-global-color-5)","background-image":"","background-repeat":"repeat","background-position":"center center","background-size":"auto","background-attachment":"scroll","background-type":"","background-media":"","overlay-type":"","overlay-color":"","overlay-opacity":"","overlay-gradient":""}},"footnotes":""},"class_list":["post-786","page","type-page","status-publish","hentry"],"_links":{"self":[{"href":"https:\/\/www.mdefusta.com\/ca\/wp-json\/wp\/v2\/pages\/786","targetHints":{"allow":["GET"]}}],"collection":[{"href":"https:\/\/www.mdefusta.com\/ca\/wp-json\/wp\/v2\/pages"}],"about":[{"href":"https:\/\/www.mdefusta.com\/ca\/wp-json\/wp\/v2\/types\/page"}],"author":[{"embeddable":true,"href":"https:\/\/www.mdefusta.com\/ca\/wp-json\/wp\/v2\/users\/1"}],"replies":[{"embeddable":true,"href":"https:\/\/www.mdefusta.com\/ca\/wp-json\/wp\/v2\/comments?post=786"}],"version-history":[{"count":2,"href":"https:\/\/www.mdefusta.com\/ca\/wp-json\/wp\/v2\/pages\/786\/revisions"}],"predecessor-version":[{"id":814,"href":"https:\/\/www.mdefusta.com\/ca\/wp-json\/wp\/v2\/pages\/786\/revisions\/814"}],"up":[{"embeddable":true,"href":"https:\/\/www.mdefusta.com\/ca\/wp-json\/wp\/v2\/pages\/800"}],"wp:attachment":[{"href":"https:\/\/www.mdefusta.com\/ca\/wp-json\/wp\/v2\/media?parent=786"}],"curies":[{"name":"wp","href":"https:\/\/api.w.org\/{rel}","templated":true}]}}